{"id":886,"date":"2019-08-26T14:22:21","date_gmt":"2019-08-26T12:22:21","guid":{"rendered":"https:\/\/midtsjaelland.danmarksveteraner.dk\/wordpress\/?page_id=886"},"modified":"2020-01-28T22:49:25","modified_gmt":"2020-01-28T21:49:25","slug":"2013-2","status":"publish","type":"page","link":"https:\/\/midtsjaelland.danmarksveteraner.dk\/wordpress\/billeder\/2013-2\/","title":{"rendered":"2013"},"content":{"rendered":"\n<figure class=\"wp-block-table\"><table class=\"has-fixed-layout\"><tbody><tr><td class=\"has-text-align-center\" data-align=\"center\"><a href=\"https:\/\/midtsjaelland.danmarksveteraner.dk\/wordpress\/wp-content\/uploads\/2019\/09\/2013-01-31-4.jpg\"><img decoding=\"async\" src=\"https:\/\/midtsjaelland.danmarksveteraner.dk\/wordpress\/wp-content\/uploads\/2019\/09\/2013-01-31-4.jpg\" alt=\"2013-01-31 Faneindvielse i Midtsj\u00e6lland\"><\/a><\/td><td class=\"has-text-align-center\" data-align=\"center\"><a href=\"https:\/\/midtsjaelland.danmarksveteraner.dk\/wordpress\/wp-content\/uploads\/2019\/09\/2013-01-31-5.jpg\"><img decoding=\"async\" src=\"https:\/\/midtsjaelland.danmarksveteraner.dk\/wordpress\/wp-content\/uploads\/2019\/09\/2013-01-31-5.jpg\" alt=\"2013-01-31 Faneindvielse i Midtsj\u00e6lland\"><\/a><\/td><td class=\"has-text-align-center\" data-align=\"center\"><a href=\"https:\/\/midtsjaelland.danmarksveteraner.dk\/wordpress\/wp-content\/uploads\/2019\/09\/2013-01-31-8.jpg\"><img decoding=\"async\" src=\"https:\/\/midtsjaelland.danmarksveteraner.dk\/wordpress\/wp-content\/uploads\/2019\/09\/2013-01-31-8.jpg\" alt=\"2013-01-31 Faneindvielse i Midtsj\u00e6lland\"><\/a><\/td><\/tr><tr><td class=\"has-text-align-center\" data-align=\"center\">2013-01-31 Faneindvielse i Midtsj\u00e6lland<\/td><td class=\"has-text-align-center\" data-align=\"center\">2013-01-31 Faneindvielse i Midtsj\u00e6lland<br>Feltpr\u00e6st T. Petersen &#8211; tdl. Fmd. Bjarne Hesselberg<\/td><td class=\"has-text-align-center\" data-align=\"center\">2013-01-31 Faneindvielse i Midtsj\u00e6lland<br>Formand Niels T.H. Bannergaard<\/td><\/tr><tr><td class=\"has-text-align-center\" data-align=\"center\"><a href=\"https:\/\/midtsjaelland.danmarksveteraner.dk\/wordpress\/wp-content\/uploads\/2019\/09\/2013-01-31-18.jpg\"><img decoding=\"async\" src=\"https:\/\/midtsjaelland.danmarksveteraner.dk\/wordpress\/wp-content\/uploads\/2019\/09\/2013-01-31-18.jpg\" alt=\"2013-01-31 Faneindvielse i Midtsj\u00e6lland\"><\/a><\/td><td class=\"has-text-align-center\" data-align=\"center\"><a href=\"https:\/\/midtsjaelland.danmarksveteraner.dk\/wordpress\/wp-content\/uploads\/2019\/09\/2013-01-31-19.jpg\"><img decoding=\"async\" src=\"https:\/\/midtsjaelland.danmarksveteraner.dk\/wordpress\/wp-content\/uploads\/2019\/09\/2013-01-31-19.jpg\" alt=\"2013-01-31 Faneindvielse i Midtsj\u00e6lland\"><\/a><\/td><td class=\"has-text-align-center\" data-align=\"center\"><a href=\"https:\/\/midtsjaelland.danmarksveteraner.dk\/wordpress\/wp-content\/uploads\/2019\/09\/2013-01-31-27.jpg\"><img decoding=\"async\" src=\"https:\/\/midtsjaelland.danmarksveteraner.dk\/wordpress\/wp-content\/uploads\/2019\/09\/2013-01-31-27.jpg\" alt=\"2013-01-31 Faneindvielse i Midtsj\u00e6lland\"><\/a><\/td><\/tr><tr><td class=\"has-text-align-center\" data-align=\"center\">2013-01-31 Faneindvielse i Midtsj\u00e6lland<br>Tdl. Formand Bjarne Hesselberg<\/td><td class=\"has-text-align-center\" data-align=\"center\">2013-01-31 Faneindvielse i Midtsj\u00e6lland<\/td><td class=\"has-text-align-center\" data-align=\"center\">2013-01-31 Faneindvielse i Midtsj\u00e6lland<\/td><\/tr><tr><td class=\"has-text-align-center\" data-align=\"center\"><a href=\"https:\/\/midtsjaelland.danmarksveteraner.dk\/wordpress\/wp-content\/uploads\/2019\/09\/2013-01-31-23.jpg\"><img decoding=\"async\" src=\"https:\/\/midtsjaelland.danmarksveteraner.dk\/wordpress\/wp-content\/uploads\/2019\/09\/2013-01-31-23.jpg\" alt=\"2013-01-31 Faneindvielse i Midtsj\u00e6lland\"><\/a><\/td><td class=\"has-text-align-center\" data-align=\"center\"><a href=\"https:\/\/midtsjaelland.danmarksveteraner.dk\/wordpress\/wp-content\/uploads\/2019\/09\/2013-01-31-24-1024x680.jpg\"><img decoding=\"async\" src=\"https:\/\/midtsjaelland.danmarksveteraner.dk\/wordpress\/wp-content\/uploads\/2019\/09\/2013-01-31-24-1024x680.jpg\" alt=\"2013-01-31 Faneindvielse i Midtsj\u00e6lland\"><\/a><\/td><td class=\"has-text-align-center\" data-align=\"center\"><a href=\"https:\/\/midtsjaelland.danmarksveteraner.dk\/wordpress\/wp-content\/uploads\/2019\/09\/2013-01-31-33.jpg\"><img decoding=\"async\" src=\"https:\/\/midtsjaelland.danmarksveteraner.dk\/wordpress\/wp-content\/uploads\/2019\/09\/2013-01-31-33.jpg\" alt=\"2013-01-31 Faneindvielse i Midtsj\u00e6lland\"><\/a><\/td><\/tr><tr><td class=\"has-text-align-center\" data-align=\"center\">2013-01-31 Faneindvielse i Midtsj\u00e6lland<\/td><td class=\"has-text-align-center\" data-align=\"center\">2013-01-31 Faneindvielse i Midtsj\u00e6lland<\/td><td class=\"has-text-align-center\" data-align=\"center\">2013-01-31 Faneindvielse i Midtsj\u00e6lland<br>Flemming Jepsen<\/td><\/tr><tr><td class=\"has-text-align-center\" data-align=\"center\"><a href=\"https:\/\/midtsjaelland.danmarksveteraner.dk\/wordpress\/wp-content\/uploads\/2019\/09\/2013-01-31-35-680x1024.jpg\"><img decoding=\"async\" src=\"https:\/\/midtsjaelland.danmarksveteraner.dk\/wordpress\/wp-content\/uploads\/2019\/09\/2013-01-31-35-680x1024.jpg\" alt=\"2013-01-31 Faneindvielse i Midtsj\u00e6lland\"><\/a><\/td><td class=\"has-text-align-center\" data-align=\"center\"><a href=\"https:\/\/midtsjaelland.danmarksveteraner.dk\/wordpress\/wp-content\/uploads\/2019\/09\/2013-06-15-Valdemarsdag-i-K\u00f8ge-01-1024x680.jpg\"><img decoding=\"async\" src=\"https:\/\/midtsjaelland.danmarksveteraner.dk\/wordpress\/wp-content\/uploads\/2019\/09\/2013-06-15-Valdemarsdag-i-K%C3%B8ge-01-1024x680.jpg\" alt=\"2013-06-15 Valdemarsdag i K\u00f8ge\"><\/a><\/td><td class=\"has-text-align-center\" data-align=\"center\"><a href=\"https:\/\/midtsjaelland.danmarksveteraner.dk\/wordpress\/wp-content\/uploads\/2019\/09\/2013-06-15-Valdemarsdag-i-K\u00f8ge-02-1024x677.jpg\"><img decoding=\"async\" src=\"https:\/\/midtsjaelland.danmarksveteraner.dk\/wordpress\/wp-content\/uploads\/2019\/09\/2013-06-15-Valdemarsdag-i-K%C3%B8ge-02-1024x677.jpg\" alt=\"2013-06-15 Valdemarsdag i K\u00f8ge\"><\/a><\/td><\/tr><tr><td class=\"has-text-align-center\" data-align=\"center\">2013-01-31 Faneindvielse i Midtsj\u00e6lland<br>Flemming Jepsen &#8211; Hans Chr. Foght<\/td><td class=\"has-text-align-center\" data-align=\"center\">2013-06-15 Valdemarsdag i K\u00f8ge<\/td><td class=\"has-text-align-center\" data-align=\"center\">2013-06-15 Valdemarsdag i K\u00f8ge<br>Hans Chr. Foght &#8211; Flemming Jepsen<\/td><\/tr><tr><td class=\"has-text-align-center\" data-align=\"center\"><a href=\"https:\/\/midtsjaelland.danmarksveteraner.dk\/wordpress\/wp-content\/uploads\/2019\/09\/2013-07-04-K\u00f8ge-725-\u00e5r-02-Spj\u00e6t-Flemming-698x1024.jpg\"><img decoding=\"async\" src=\"https:\/\/midtsjaelland.danmarksveteraner.dk\/wordpress\/wp-content\/uploads\/2019\/09\/2013-07-04-K%C3%B8ge-725-%C3%A5r-02-Spj%C3%A6t-Flemming-698x1024.jpg\" alt=\"2013-07-04 K\u00f8ge 725 \u00e5r\"><\/a><\/td><td class=\"has-text-align-center\" data-align=\"center\"><a href=\"https:\/\/midtsjaelland.danmarksveteraner.dk\/wordpress\/wp-content\/uploads\/2019\/09\/2013-07-04-K\u00f8ge-725-\u00e5r-04-Rosa-Hans-Chr.-Kirsten-Kaj-1024x677.jpg\"><img decoding=\"async\" src=\"https:\/\/midtsjaelland.danmarksveteraner.dk\/wordpress\/wp-content\/uploads\/2019\/09\/2013-07-04-K%C3%B8ge-725-%C3%A5r-04-Rosa-Hans-Chr.-Kirsten-Kaj-1024x677.jpg\" alt=\"2013-07-04 K\u00f8ge 725 \u00e5r\"><\/a><\/td><td class=\"has-text-align-center\" data-align=\"center\"><\/td><\/tr><tr><td class=\"has-text-align-center\" data-align=\"center\">2013-07-04 K\u00f8ge 725 \u00e5r<br>Henning Spj\u00e6t Larsen &#8211; Flemming Jepsen<\/td><td class=\"has-text-align-center\" data-align=\"center\">2013-07-04 K\u00f8ge 725 \u00e5r<br>Rosa Foght &#8211; Hans Chr. Foght &#8211; Kirsten Jepsen &#8211; Kaj Krogh<\/td><td class=\"has-text-align-center\" data-align=\"center\"><\/td><\/tr><\/tbody><\/table><\/figure>\n\n\n\n<p><\/p>\n","protected":false},"excerpt":{"rendered":"<p>2013-01-31 Faneindvielse i Midtsj\u00e6lland 2013-01-31 Faneindvielse i Midtsj\u00e6llandFeltpr\u00e6st T. Petersen &#8211; tdl. Fmd. Bjarne Hesselberg 2013-01-31 Faneindvielse i Midtsj\u00e6llandFormand Niels<\/p>\n","protected":false},"author":10,"featured_media":0,"parent":797,"menu_order":37,"comment_status":"closed","ping_status":"closed","template":"","meta":{"colormag_page_container_layout":"default_layout","colormag_page_sidebar_layout":"default_layout","footnotes":""},"class_list":["post-886","page","type-page","status-publish","hentry"],"_links":{"self":[{"href":"https:\/\/midtsjaelland.danmarksveteraner.dk\/wordpress\/wp-json\/wp\/v2\/pages\/886","targetHints":{"allow":["GET"]}}],"collection":[{"href":"https:\/\/midtsjaelland.danmarksveteraner.dk\/wordpress\/wp-json\/wp\/v2\/pages"}],"about":[{"href":"https:\/\/midtsjaelland.danmarksveteraner.dk\/wordpress\/wp-json\/wp\/v2\/types\/page"}],"author":[{"embeddable":true,"href":"https:\/\/midtsjaelland.danmarksveteraner.dk\/wordpress\/wp-json\/wp\/v2\/users\/10"}],"replies":[{"embeddable":true,"href":"https:\/\/midtsjaelland.danmarksveteraner.dk\/wordpress\/wp-json\/wp\/v2\/comments?post=886"}],"version-history":[{"count":32,"href":"https:\/\/midtsjaelland.danmarksveteraner.dk\/wordpress\/wp-json\/wp\/v2\/pages\/886\/revisions"}],"predecessor-version":[{"id":1849,"href":"https:\/\/midtsjaelland.danmarksveteraner.dk\/wordpress\/wp-json\/wp\/v2\/pages\/886\/revisions\/1849"}],"up":[{"embeddable":true,"href":"https:\/\/midtsjaelland.danmarksveteraner.dk\/wordpress\/wp-json\/wp\/v2\/pages\/797"}],"wp:attachment":[{"href":"https:\/\/midtsjaelland.danmarksveteraner.dk\/wordpress\/wp-json\/wp\/v2\/media?parent=886"}],"curies":[{"name":"wp","href":"https:\/\/api.w.org\/{rel}","templated":true}]}}