{"id":881,"date":"2019-08-26T14:10:38","date_gmt":"2019-08-26T12:10:38","guid":{"rendered":"https:\/\/midtsjaelland.danmarksveteraner.dk\/wordpress\/?page_id=881"},"modified":"2022-01-18T12:35:38","modified_gmt":"2022-01-18T11:35:38","slug":"2015-2","status":"publish","type":"page","link":"https:\/\/midtsjaelland.danmarksveteraner.dk\/wordpress\/billeder\/2015-2\/","title":{"rendered":"2015"},"content":{"rendered":"\n<figure class=\"wp-block-table\"><table class=\"has-fixed-layout\"><tbody><tr><td class=\"has-text-align-center\" data-align=\"center\"><a href=\"https:\/\/midtsjaelland.danmarksveteraner.dk\/wordpress\/wp-content\/uploads\/2019\/09\/2015-03-26-Generalfor.-04-1.jpg\"><img decoding=\"async\" src=\"https:\/\/midtsjaelland.danmarksveteraner.dk\/wordpress\/wp-content\/uploads\/2019\/09\/2015-03-26-Generalfor.-04-1.jpg\" alt=\"2015-03-26 Midtsj\u00e6llands generalforsamling\"><\/a><\/td><td class=\"has-text-align-center\" data-align=\"center\"><a href=\"https:\/\/midtsjaelland.danmarksveteraner.dk\/wordpress\/wp-content\/uploads\/2019\/09\/2015-03-26-Generalfor.-04-1024x684.jpg\"><img decoding=\"async\" src=\"https:\/\/midtsjaelland.danmarksveteraner.dk\/wordpress\/wp-content\/uploads\/2019\/09\/2015-03-26-Generalfor.-04-1024x684.jpg\" alt=\"2015-03-26 Midtsj\u00e6llands generalforsamling\"><\/a><\/td><td class=\"has-text-align-center\" data-align=\"center\"><a href=\"https:\/\/midtsjaelland.danmarksveteraner.dk\/wordpress\/wp-content\/uploads\/2019\/09\/2015-03-26-Generalfor.-02-1024x680.jpg\"><img decoding=\"async\" src=\"https:\/\/midtsjaelland.danmarksveteraner.dk\/wordpress\/wp-content\/uploads\/2019\/09\/2015-03-26-Generalfor.-02-1024x680.jpg\" alt=\"2015-03-26 Midtsj\u00e6llands generalforsamling\"><\/a><\/td><\/tr><tr><td class=\"has-text-align-center\" data-align=\"center\">2015-03-26 Midtsj\u00e6llands generalforsamling<\/td><td class=\"has-text-align-center\" data-align=\"center\">2015-03-26 Midtsj\u00e6llands generalforsamling<\/td><td class=\"has-text-align-center\" data-align=\"center\">2015-03-26 Midtsj\u00e6llands generalforsamling<\/td><\/tr><tr><td class=\"has-text-align-center\" data-align=\"center\"><a href=\"https:\/\/midtsjaelland.danmarksveteraner.dk\/wordpress\/wp-content\/uploads\/2019\/09\/2015-03-26-G.jpg\"><img decoding=\"async\" src=\"https:\/\/midtsjaelland.danmarksveteraner.dk\/wordpress\/wp-content\/uploads\/2019\/09\/2015-03-26-G.jpg\" alt=\"2015-03-26 Midtsj\u00e6llands generalforsamling\"><\/a><\/td><td class=\"has-text-align-center\" data-align=\"center\"><a href=\"https:\/\/midtsjaelland.danmarksveteraner.dk\/wordpress\/wp-content\/uploads\/2019\/09\/2015-03-26.jpg\"><img decoding=\"async\" src=\"https:\/\/midtsjaelland.danmarksveteraner.dk\/wordpress\/wp-content\/uploads\/2019\/09\/2015-03-26.jpg\" alt=\"2015-03-26 Midtsj\u00e6llands generalforsamling\"><\/a><\/td><td class=\"has-text-align-center\" data-align=\"center\"><a href=\"https:\/\/midtsjaelland.danmarksveteraner.dk\/wordpress\/wp-content\/uploads\/2019\/09\/2015-05-04.jpg\"><img decoding=\"async\" src=\"https:\/\/midtsjaelland.danmarksveteraner.dk\/wordpress\/wp-content\/uploads\/2019\/09\/2015-05-04.jpg\" alt=\"2015-05-04, 70 \u00e5ret for befrielsen i Borup\"><\/a><\/td><\/tr><tr><td class=\"has-text-align-center\" data-align=\"center\">2015-03-26 Midtsj\u00e6llands generalforsamling<\/td><td class=\"has-text-align-center\" data-align=\"center\">2015-03-26 Midtsj\u00e6llands generalforsamling. 10 \u00e5rs n\u00e5l U.M. Pade &#8211; 40 \u00e5rs medalje Kaj Krogh &#8211; Fmd N. Bannergaard &#8211; 20 \u00e5rs n\u00e5l Hans Chr. Foght<\/td><td class=\"has-text-align-center\" data-align=\"center\">2015-05-04, 70 \u00e5ret for befrielsen i Borup<\/td><\/tr><tr><td class=\"has-text-align-center\" data-align=\"center\"><a href=\"https:\/\/midtsjaelland.danmarksveteraner.dk\/wordpress\/wp-content\/uploads\/2019\/09\/2015-05-04-Borup-05.jpg\"><img decoding=\"async\" src=\"https:\/\/midtsjaelland.danmarksveteraner.dk\/wordpress\/wp-content\/uploads\/2019\/09\/2015-05-04-Borup-05.jpg\" alt=\"2015-05-04, 70 \u00e5ret for befrielsen i Borup\"><\/a><\/td><td class=\"has-text-align-center\" data-align=\"center\"><a href=\"https:\/\/midtsjaelland.danmarksveteraner.dk\/wordpress\/wp-content\/uploads\/2019\/09\/2015-05-04-Borup-08.jpg\"><img decoding=\"async\" src=\"https:\/\/midtsjaelland.danmarksveteraner.dk\/wordpress\/wp-content\/uploads\/2019\/09\/2015-05-04-Borup-08.jpg\" alt=\"2015-05-04, 70 \u00e5ret for befrielsen i Borup\"><\/a><\/td><td class=\"has-text-align-center\" data-align=\"center\"><a href=\"https:\/\/midtsjaelland.danmarksveteraner.dk\/wordpress\/wp-content\/uploads\/2019\/09\/2015-05-04-Borup-012.jpg\"><img decoding=\"async\" src=\"https:\/\/midtsjaelland.danmarksveteraner.dk\/wordpress\/wp-content\/uploads\/2019\/09\/2015-05-04-Borup-012.jpg\" alt=\"2015-05-04, 70 \u00e5ret for befrielsen i Borup\"><\/a><\/td><\/tr><tr><td class=\"has-text-align-center\" data-align=\"center\">2015-05-04, 70 \u00e5ret for befrielsen i Borup<\/td><td class=\"has-text-align-center\" data-align=\"center\">2015-05-04, 70 \u00e5ret for befrielsen i Borup<br>Leif B.B.Petersen &#8211; Niels Bannergaard<\/td><td class=\"has-text-align-center\" data-align=\"center\">2015-05-04, 70 \u00e5ret for befrielsen i Borup<br>Peter Schrader<\/td><\/tr><tr><td class=\"has-text-align-center\" data-align=\"center\"><a href=\"https:\/\/midtsjaelland.danmarksveteraner.dk\/wordpress\/wp-content\/uploads\/2019\/09\/2015-10-29.jpg\"><img decoding=\"async\" src=\"https:\/\/midtsjaelland.danmarksveteraner.dk\/wordpress\/wp-content\/uploads\/2019\/09\/2015-10-29.jpg\" alt=\"2015-10-29 Klubm\u00f8de i Midtsj\u00e6lland\"><\/a><\/td><td class=\"has-text-align-center\" data-align=\"center\"><a href=\"https:\/\/midtsjaelland.danmarksveteraner.dk\/wordpress\/wp-content\/uploads\/2019\/09\/2015-11-26-01.jpg\"><img decoding=\"async\" src=\"https:\/\/midtsjaelland.danmarksveteraner.dk\/wordpress\/wp-content\/uploads\/2019\/09\/2015-11-26-01.jpg\" alt=\"2015-11-26 Julehygge i Midtsj\u00e6lland\"><\/a><\/td><td class=\"has-text-align-center\" data-align=\"center\"><a href=\"https:\/\/midtsjaelland.danmarksveteraner.dk\/wordpress\/wp-content\/uploads\/2019\/09\/2015-11-26-02.jpg\"><img decoding=\"async\" src=\"https:\/\/midtsjaelland.danmarksveteraner.dk\/wordpress\/wp-content\/uploads\/2019\/09\/2015-11-26-02.jpg\" alt=\"2015-11-26 Julehygge i Midtsj\u00e6lland\"><\/a><\/td><\/tr><tr><td class=\"has-text-align-center\" data-align=\"center\">2015-10-29 Klubm\u00f8de i Midtsj\u00e6lland<br>Frank Walther Rasmussen modtager Fredspris medaljen<\/td><td class=\"has-text-align-center\" data-align=\"center\">2015-11-26 Julehygge i Midtsj\u00e6lland<\/td><td class=\"has-text-align-center\" data-align=\"center\">2015-11-26 Julehygge i Midtsj\u00e6lland<\/td><\/tr><tr><td class=\"has-text-align-center\" data-align=\"center\"><\/td><td class=\"has-text-align-center\" data-align=\"center\"><\/td><td class=\"has-text-align-center\" data-align=\"center\"><\/td><\/tr><tr><td class=\"has-text-align-center\" data-align=\"center\"><\/td><td class=\"has-text-align-center\" data-align=\"center\"><\/td><td class=\"has-text-align-center\" data-align=\"center\"><\/td><\/tr><tr><td class=\"has-text-align-center\" data-align=\"center\"><\/td><td class=\"has-text-align-center\" data-align=\"center\"><\/td><td class=\"has-text-align-center\" data-align=\"center\"><\/td><\/tr><tr><td class=\"has-text-align-center\" data-align=\"center\"><\/td><td class=\"has-text-align-center\" data-align=\"center\"><\/td><td class=\"has-text-align-center\" data-align=\"center\"><\/td><\/tr><tr><td class=\"has-text-align-center\" data-align=\"center\"><\/td><td class=\"has-text-align-center\" data-align=\"center\"><\/td><td class=\"has-text-align-center\" data-align=\"center\"><\/td><\/tr><tr><td class=\"has-text-align-center\" data-align=\"center\"><\/td><td class=\"has-text-align-center\" data-align=\"center\"><\/td><td class=\"has-text-align-center\" data-align=\"center\"><\/td><\/tr><tr><td class=\"has-text-align-center\" data-align=\"center\"><\/td><td class=\"has-text-align-center\" data-align=\"center\"><\/td><td class=\"has-text-align-center\" data-align=\"center\"><\/td><\/tr><\/tbody><\/table><\/figure>\n","protected":false},"excerpt":{"rendered":"<p>2015-03-26 Midtsj\u00e6llands generalforsamling 2015-03-26 Midtsj\u00e6llands generalforsamling 2015-03-26 Midtsj\u00e6llands generalforsamling 2015-03-26 Midtsj\u00e6llands generalforsamling 2015-03-26 Midtsj\u00e6llands generalforsamling. 10 \u00e5rs n\u00e5l U.M. Pade<\/p>\n","protected":false},"author":10,"featured_media":0,"parent":797,"menu_order":32,"comment_status":"closed","ping_status":"closed","template":"","meta":{"colormag_page_container_layout":"default_layout","colormag_page_sidebar_layout":"default_layout","footnotes":""},"class_list":["post-881","page","type-page","status-publish","hentry"],"_links":{"self":[{"href":"https:\/\/midtsjaelland.danmarksveteraner.dk\/wordpress\/wp-json\/wp\/v2\/pages\/881","targetHints":{"allow":["GET"]}}],"collection":[{"href":"https:\/\/midtsjaelland.danmarksveteraner.dk\/wordpress\/wp-json\/wp\/v2\/pages"}],"about":[{"href":"https:\/\/midtsjaelland.danmarksveteraner.dk\/wordpress\/wp-json\/wp\/v2\/types\/page"}],"author":[{"embeddable":true,"href":"https:\/\/midtsjaelland.danmarksveteraner.dk\/wordpress\/wp-json\/wp\/v2\/users\/10"}],"replies":[{"embeddable":true,"href":"https:\/\/midtsjaelland.danmarksveteraner.dk\/wordpress\/wp-json\/wp\/v2\/comments?post=881"}],"version-history":[{"count":30,"href":"https:\/\/midtsjaelland.danmarksveteraner.dk\/wordpress\/wp-json\/wp\/v2\/pages\/881\/revisions"}],"predecessor-version":[{"id":1826,"href":"https:\/\/midtsjaelland.danmarksveteraner.dk\/wordpress\/wp-json\/wp\/v2\/pages\/881\/revisions\/1826"}],"up":[{"embeddable":true,"href":"https:\/\/midtsjaelland.danmarksveteraner.dk\/wordpress\/wp-json\/wp\/v2\/pages\/797"}],"wp:attachment":[{"href":"https:\/\/midtsjaelland.danmarksveteraner.dk\/wordpress\/wp-json\/wp\/v2\/media?parent=881"}],"curies":[{"name":"wp","href":"https:\/\/api.w.org\/{rel}","templated":true}]}}