{"id":86,"date":"2016-06-06T07:46:13","date_gmt":"2016-06-06T07:46:13","guid":{"rendered":"http:\/\/midtsjaelland.danmarksveteraner.dk\/wordpress\/?page_id=86"},"modified":"2018-09-26T12:57:58","modified_gmt":"2018-09-26T10:57:58","slug":"vedtaegter","status":"publish","type":"page","link":"https:\/\/midtsjaelland.danmarksveteraner.dk\/wordpress\/organisation\/vedtaegter\/","title":{"rendered":"Vedt\u00e6gter"},"content":{"rendered":"<h4><a href=\"https:\/\/midtsjaelland.danmarksveteraner.dk\/wordpress\/wp-content\/uploads\/2018\/09\/Midtsj.-Vedt\u00e6gter-22.-marts-2018.pdf\">L\u00e6s vedt\u00e6gter for Lokalforening Midtsj\u00e6lland HER<\/a><\/h4>\n","protected":false},"excerpt":{"rendered":"<p>L\u00e6s vedt\u00e6gter for Lokalforening Midtsj\u00e6lland HER<\/p>\n","protected":false},"author":1,"featured_media":0,"parent":163,"menu_order":2,"comment_status":"closed","ping_status":"closed","template":"","meta":{"colormag_page_container_layout":"default_layout","colormag_page_sidebar_layout":"default_layout","footnotes":""},"class_list":["post-86","page","type-page","status-publish","hentry"],"_links":{"self":[{"href":"https:\/\/midtsjaelland.danmarksveteraner.dk\/wordpress\/wp-json\/wp\/v2\/pages\/86","targetHints":{"allow":["GET"]}}],"collection":[{"href":"https:\/\/midtsjaelland.danmarksveteraner.dk\/wordpress\/wp-json\/wp\/v2\/pages"}],"about":[{"href":"https:\/\/midtsjaelland.danmarksveteraner.dk\/wordpress\/wp-json\/wp\/v2\/types\/page"}],"author":[{"embeddable":true,"href":"https:\/\/midtsjaelland.danmarksveteraner.dk\/wordpress\/wp-json\/wp\/v2\/users\/1"}],"replies":[{"embeddable":true,"href":"https:\/\/midtsjaelland.danmarksveteraner.dk\/wordpress\/wp-json\/wp\/v2\/comments?post=86"}],"version-history":[{"count":9,"href":"https:\/\/midtsjaelland.danmarksveteraner.dk\/wordpress\/wp-json\/wp\/v2\/pages\/86\/revisions"}],"predecessor-version":[{"id":559,"href":"https:\/\/midtsjaelland.danmarksveteraner.dk\/wordpress\/wp-json\/wp\/v2\/pages\/86\/revisions\/559"}],"up":[{"embeddable":true,"href":"https:\/\/midtsjaelland.danmarksveteraner.dk\/wordpress\/wp-json\/wp\/v2\/pages\/163"}],"wp:attachment":[{"href":"https:\/\/midtsjaelland.danmarksveteraner.dk\/wordpress\/wp-json\/wp\/v2\/media?parent=86"}],"curies":[{"name":"wp","href":"https:\/\/api.w.org\/{rel}","templated":true}]}}