{"id":807,"date":"2019-08-11T14:15:52","date_gmt":"2019-08-11T12:15:52","guid":{"rendered":"https:\/\/midtsjaelland.danmarksveteraner.dk\/wordpress\/?page_id=807"},"modified":"2022-01-18T12:36:18","modified_gmt":"2022-01-18T11:36:18","slug":"2018-2","status":"publish","type":"page","link":"https:\/\/midtsjaelland.danmarksveteraner.dk\/wordpress\/billeder\/2018-2\/","title":{"rendered":"2018"},"content":{"rendered":"\n<figure class=\"wp-block-table\"><table class=\"has-fixed-layout\"><tbody><tr><td class=\"has-text-align-center\" data-align=\"center\"><a rel=\"noreferrer noopener\" aria-label=\" (opens in a new tab)\" href=\"https:\/\/midtsjaelland.danmarksveteraner.dk\/wordpress\/wp-content\/uploads\/2019\/08\/20180107_135625.jpg\" target=\"_blank\"><img loading=\"lazy\" decoding=\"async\" width=\"150\" height=\"88\" class=\"wp-image-996\" style=\"width: 150px;\" src=\"https:\/\/midtsjaelland.danmarksveteraner.dk\/wordpress\/wp-content\/uploads\/2019\/08\/2018-01-07-Kastellet.jpg\" alt=\"2018-01-07 Kastellet\" srcset=\"https:\/\/midtsjaelland.danmarksveteraner.dk\/wordpress\/wp-content\/uploads\/2019\/08\/2018-01-07-Kastellet.jpg 4128w, https:\/\/midtsjaelland.danmarksveteraner.dk\/wordpress\/wp-content\/uploads\/2019\/08\/2018-01-07-Kastellet-300x176.jpg 300w, https:\/\/midtsjaelland.danmarksveteraner.dk\/wordpress\/wp-content\/uploads\/2019\/08\/2018-01-07-Kastellet-768x450.jpg 768w, https:\/\/midtsjaelland.danmarksveteraner.dk\/wordpress\/wp-content\/uploads\/2019\/08\/2018-01-07-Kastellet-1024x601.jpg 1024w\" sizes=\"auto, (max-width: 150px) 100vw, 150px\" \/><\/a><\/td><td class=\"has-text-align-center\" data-align=\"center\"><a href=\"https:\/\/midtsjaelland.danmarksveteraner.dk\/wordpress\/wp-content\/uploads\/2019\/08\/2018-01-25-Klubm\u00f8de-Gunner.jpg\" target=\"_blank\" rel=\"noreferrer noopener\" aria-label=\"\ufffc (opens in a new tab)\"><img loading=\"lazy\" decoding=\"async\" width=\"150\" height=\"200\" class=\"wp-image-851\" style=\"width: 150px;\" src=\"https:\/\/midtsjaelland.danmarksveteraner.dk\/wordpress\/wp-content\/uploads\/2019\/08\/2018-01-25-Klubm\u00f8de-Gunner.jpg\" alt=\"2018-01-25-Klubm\u00f8de\" srcset=\"https:\/\/midtsjaelland.danmarksveteraner.dk\/wordpress\/wp-content\/uploads\/2019\/08\/2018-01-25-Klubm\u00f8de-Gunner.jpg 425w, https:\/\/midtsjaelland.danmarksveteraner.dk\/wordpress\/wp-content\/uploads\/2019\/08\/2018-01-25-Klubm\u00f8de-Gunner-225x300.jpg 225w\" sizes=\"auto, (max-width: 150px) 100vw, 150px\" \/><\/a><\/td><td class=\"has-text-align-center\" data-align=\"center\"><a href=\"https:\/\/midtsjaelland.danmarksveteraner.dk\/wordpress\/wp-content\/uploads\/2019\/08\/2018-02-20-H.K.H.-Prins-Henriks-Bis\u00e6ttelse.jpg\" target=\"_blank\" rel=\"noreferrer noopener\" aria-label=\"\ufffc (opens in a new tab)\"><img loading=\"lazy\" decoding=\"async\" width=\"150\" height=\"113\" class=\"wp-image-1001\" style=\"width: 150px;\" src=\"https:\/\/midtsjaelland.danmarksveteraner.dk\/wordpress\/wp-content\/uploads\/2019\/08\/2018-02-20-H.K.H.-Prins-Henriks-Bis\u00e6ttelse.jpg\" alt=\"2018-02-20 H.K.H. Prins Henriks Bis\u00e6ttelse\" srcset=\"https:\/\/midtsjaelland.danmarksveteraner.dk\/wordpress\/wp-content\/uploads\/2019\/08\/2018-02-20-H.K.H.-Prins-Henriks-Bis\u00e6ttelse.jpg 1004w, https:\/\/midtsjaelland.danmarksveteraner.dk\/wordpress\/wp-content\/uploads\/2019\/08\/2018-02-20-H.K.H.-Prins-Henriks-Bis\u00e6ttelse-300x225.jpg 300w, https:\/\/midtsjaelland.danmarksveteraner.dk\/wordpress\/wp-content\/uploads\/2019\/08\/2018-02-20-H.K.H.-Prins-Henriks-Bis\u00e6ttelse-768x576.jpg 768w\" sizes=\"auto, (max-width: 150px) 100vw, 150px\" \/><\/a><\/td><\/tr><tr><td class=\"has-text-align-center\" data-align=\"center\">2018 -01 07 <br>Kastellet<br>Kjeld O. Jensen <br>nr. 3 fra h\u00f8jre<\/td><td class=\"has-text-align-center\" data-align=\"center\">2018 &#8211; 01 &#8211; 25 Klubm\u00f8de<br>Gunnar Bergstr\u00f8m<\/td><td class=\"has-text-align-center\" data-align=\"center\">2018 -02 &#8211; 20<br>H.K.H. Prins Henriks<br>bis\u00e6ttelse<\/td><\/tr><tr><td class=\"has-text-align-center\" data-align=\"center\"><a href=\"https:\/\/midtsjaelland.danmarksveteraner.dk\/wordpress\/wp-content\/uploads\/2019\/08\/2018-02-20-H.K.H.-Prins-Henriks-bis\u00e6ttelse-01.jpg\" target=\"_blank\" rel=\"noreferrer noopener\" aria-label=\"\ufffc (opens in a new tab)\"><img loading=\"lazy\" decoding=\"async\" width=\"150\" height=\"152\" class=\"wp-image-1004\" style=\"width: 150px;\" src=\"https:\/\/midtsjaelland.danmarksveteraner.dk\/wordpress\/wp-content\/uploads\/2019\/08\/2018-02-20-H.K.H.-Prins-Henriks-bis\u00e6ttelse-01.jpg\" alt=\"2018-02-20 H.K.H. Prins Henriks bis\u00e6ttelse\" srcset=\"https:\/\/midtsjaelland.danmarksveteraner.dk\/wordpress\/wp-content\/uploads\/2019\/08\/2018-02-20-H.K.H.-Prins-Henriks-bis\u00e6ttelse-01.jpg 473w, https:\/\/midtsjaelland.danmarksveteraner.dk\/wordpress\/wp-content\/uploads\/2019\/08\/2018-02-20-H.K.H.-Prins-Henriks-bis\u00e6ttelse-01-296x300.jpg 296w\" sizes=\"auto, (max-width: 150px) 100vw, 150px\" \/><\/a><\/td><td class=\"has-text-align-center\" data-align=\"center\"><a href=\"https:\/\/midtsjaelland.danmarksveteraner.dk\/wordpress\/wp-content\/uploads\/2019\/08\/2018-02-20-H.K.H.-Prins-Henriks-bis\u00e6ttelse-02.jpg\"><img decoding=\"async\" src=\"https:\/\/midtsjaelland.danmarksveteraner.dk\/wordpress\/wp-content\/uploads\/2019\/08\/2018-02-20-H.K.H.-Prins-Henriks-bis%C3%A6ttelse-02.jpg\" alt=\"2018-02-20 H.K.H. Prins Henriks bis\u00e6ttelse\"><\/a><\/td><td class=\"has-text-align-center\" data-align=\"center\"><a href=\"https:\/\/midtsjaelland.danmarksveteraner.dk\/wordpress\/wp-content\/uploads\/2019\/08\/2018-02-22-Joop-Vos-e1567001460969.jpg\"><img decoding=\"async\" src=\"https:\/\/midtsjaelland.danmarksveteraner.dk\/wordpress\/wp-content\/uploads\/2019\/08\/2018-02-22-Joop-Vos-e1567001460969.jpg\" alt=\"2018-02-22 Joop Vos\"><\/a><\/td><\/tr><tr><td class=\"has-text-align-center\" data-align=\"center\">2018 &#8211; 02 20<br>H.K.H. Prins Henriks<br>bis\u00e6ttelse<\/td><td class=\"has-text-align-center\" data-align=\"center\">2018-02-20 <br>H.K.H. Prins Henriks bis\u00e6ttelse<\/td><td class=\"has-text-align-center\" data-align=\"center\">2018-02-22 <br>Joop Vos<\/td><\/tr><tr><td class=\"has-text-align-center\" data-align=\"center\"><a href=\"https:\/\/midtsjaelland.danmarksveteraner.dk\/wordpress\/wp-content\/uploads\/2019\/08\/2018-03-22-Generalforsamling.jpg\"><img decoding=\"async\" src=\"https:\/\/midtsjaelland.danmarksveteraner.dk\/wordpress\/wp-content\/uploads\/2019\/08\/2018-03-22-Generalforsamling.jpg\" alt=\"2018-03-22 Generalforsamling\nTommy N. Andersen modtager \n10 \u00e5rs n\u00e5l af N. Bannergaard\n\"><\/a><\/td><td class=\"has-text-align-center\" data-align=\"center\"><a href=\"https:\/\/midtsjaelland.danmarksveteraner.dk\/wordpress\/wp-content\/uploads\/2019\/08\/2018-04-26-Ivan-Jensen-e1567005255898.jpg\"><img decoding=\"async\" src=\"https:\/\/midtsjaelland.danmarksveteraner.dk\/wordpress\/wp-content\/uploads\/2019\/08\/2018-04-26-Ivan-Jensen-e1567005255898.jpg\" alt=\"2018-04-26 Klubm\u00f8de\"><\/a><\/td><td class=\"has-text-align-center\" data-align=\"center\"><a href=\"https:\/\/midtsjaelland.danmarksveteraner.dk\/wordpress\/wp-content\/uploads\/2019\/08\/2018-05-26-H.K.H.-Kronprins-Frederik-50-\u00e5r-01.jpg\"><img decoding=\"async\" src=\"https:\/\/midtsjaelland.danmarksveteraner.dk\/wordpress\/wp-content\/uploads\/2019\/08\/2018-05-26-H.K.H.-Kronprins-Frederik-50-%C3%A5r-01.jpg\" alt=\"2018-05-26 H.K.H. Kronprins Frederik 50 \u00e5r 01\"><\/a><\/td><\/tr><tr><td class=\"has-text-align-center\" data-align=\"center\">2018-03-22 Generalforsamling<br>Tommy N. Andersen modtager<br>10 \u00e5rs n\u00e5l af N. Bannergaard<\/td><td class=\"has-text-align-center\" data-align=\"center\">2018-04-26 Klubm\u00f8de Ivan Jensen modtager 25 \u00e5rs medaljen<\/td><td class=\"has-text-align-center\" data-align=\"center\">2018-05-26 H.K.H. Kronprins Frederik 50 \u00e5r<\/td><\/tr><tr><td class=\"has-text-align-center\" data-align=\"center\"><a href=\"https:\/\/midtsjaelland.danmarksveteraner.dk\/wordpress\/wp-content\/uploads\/2019\/08\/2018-05-26-H.K.H.-Kronprins-Frederik-50-\u00e5r-02.jpg\"><img decoding=\"async\" src=\"https:\/\/midtsjaelland.danmarksveteraner.dk\/wordpress\/wp-content\/uploads\/2019\/08\/2018-05-26-H.K.H.-Kronprins-Frederik-50-%C3%A5r-02.jpg\" alt=\"2018-05-26 H.K.H. Kronprins Frederik 50 \u00e5r 02\"><\/a><\/td><td class=\"has-text-align-center\" data-align=\"center\"><a href=\"https:\/\/midtsjaelland.danmarksveteraner.dk\/wordpress\/wp-content\/uploads\/2019\/08\/2018-05-26-H.K.H.-Kronprins-Frederik-50-\u00e5r-03.jpg\"><img decoding=\"async\" src=\"https:\/\/midtsjaelland.danmarksveteraner.dk\/wordpress\/wp-content\/uploads\/2019\/08\/2018-05-26-H.K.H.-Kronprins-Frederik-50-%C3%A5r-03.jpg\" alt=\"2018-05-26 H.K.H. Kronprins Frederik 50 \u00e5r 03\"><\/a><\/td><td class=\"has-text-align-center\" data-align=\"center\"><a href=\"https:\/\/midtsjaelland.danmarksveteraner.dk\/wordpress\/wp-content\/uploads\/2019\/08\/2018-05-26-H.K.H.-Kronprins-Frederik-50-\u00e5r-04.jpg\"><img decoding=\"async\" src=\"https:\/\/midtsjaelland.danmarksveteraner.dk\/wordpress\/wp-content\/uploads\/2019\/08\/2018-05-26-H.K.H.-Kronprins-Frederik-50-%C3%A5r-04.jpg\" alt=\"2018-05-26 H.K.H. Kronprins Frederik 50 \u00e5r 04\"><\/a><\/td><\/tr><tr><td class=\"has-text-align-center\" data-align=\"center\">2018-05-26 H.K.H. Kronprins Frederik 50 \u00e5r<\/td><td class=\"has-text-align-center\" data-align=\"center\">2018-05-26 H.K.H. Kronprins Frederik 50 \u00e5r<\/td><td class=\"has-text-align-center\" data-align=\"center\">2018-05-26 H.K.H. Kronprins Frederik 50 \u00e5r<\/td><\/tr><tr><td class=\"has-text-align-center\" data-align=\"center\"><a href=\"https:\/\/midtsjaelland.danmarksveteraner.dk\/wordpress\/wp-content\/uploads\/2019\/08\/2018-05-26-H.K.H.-Kronprins-Frederik-50-\u00e5r-05.jpg\"><img decoding=\"async\" src=\"https:\/\/midtsjaelland.danmarksveteraner.dk\/wordpress\/wp-content\/uploads\/2019\/08\/2018-05-26-H.K.H.-Kronprins-Frederik-50-%C3%A5r-05.jpg\" alt=\"2018-05-26 H.K.H. Kronprins Frederik 50 \u00e5r 05\"><\/a><\/td><td class=\"has-text-align-center\" data-align=\"center\"><a href=\"https:\/\/midtsjaelland.danmarksveteraner.dk\/wordpress\/wp-content\/uploads\/2019\/08\/2018-05-29-Kjeld-O.-Jensen-med-FN-Fane.jpg\"><img decoding=\"async\" src=\"https:\/\/midtsjaelland.danmarksveteraner.dk\/wordpress\/wp-content\/uploads\/2019\/08\/2018-05-29-Kjeld-O.-Jensen-med-FN-Fane.jpg\" alt=\"2018-05-29 Peacekeepers Dag p\u00e5 Kastellet\"><\/a><\/td><td class=\"has-text-align-center\" data-align=\"center\"><a href=\"https:\/\/midtsjaelland.danmarksveteraner.dk\/wordpress\/wp-content\/uploads\/2019\/08\/2018-05-29-Kjeld-O.-Jensen-ved-Monumentet.jpg\"><img decoding=\"async\" src=\"https:\/\/midtsjaelland.danmarksveteraner.dk\/wordpress\/wp-content\/uploads\/2019\/08\/2018-05-29-Kjeld-O.-Jensen-ved-Monumentet.jpg\" alt=\"2018-05-29 Peacekeepers Dag p\u00e5 Kastellet\"><\/a><\/td><\/tr><tr><td class=\"has-text-align-center\" data-align=\"center\">2018-05-26 H.K.H. Kronprins Frederik 50 \u00e5r<\/td><td class=\"has-text-align-center\" data-align=\"center\">2018-05-29 Peacekeepers Dag p\u00e5 Kastellet Kjeld O. Jensen med FN fane<\/td><td class=\"has-text-align-center\" data-align=\"center\">2018-05-29 Peacekeepers Dag p\u00e5 Kastellet Kjeld O. Jensen med FN fane<\/td><\/tr><tr><td class=\"has-text-align-center\" data-align=\"center\"><a href=\"https:\/\/midtsjaelland.danmarksveteraner.dk\/wordpress\/wp-content\/uploads\/2019\/08\/2018-05-29-Hans-Chr.-Foght-ved-Monumentet-med-\u00d8st-Fanen.jpg\"><img decoding=\"async\" src=\"https:\/\/midtsjaelland.danmarksveteraner.dk\/wordpress\/wp-content\/uploads\/2019\/08\/2018-05-29-Hans-Chr.-Foght-ved-Monumentet-med-%C3%98st-Fanen.jpg\" alt=\"2018-05-29 Peacekeepers Dag p\u00e5 Kastellet\"><\/a><\/td><td class=\"has-text-align-center\" data-align=\"center\"><a href=\"https:\/\/midtsjaelland.danmarksveteraner.dk\/wordpress\/wp-content\/uploads\/2019\/08\/2018-05-29-Niels-T.H.-Bannergaard-modtager-Balkan-25-\u00e5rs-medaljen.jpg\"><img decoding=\"async\" src=\"https:\/\/midtsjaelland.danmarksveteraner.dk\/wordpress\/wp-content\/uploads\/2019\/08\/2018-05-29-Niels-T.H.-Bannergaard-modtager-Balkan-25-%C3%A5rs-medaljen.jpg\" alt=\"2018-05-29 Peacekeepers Dag p\u00e5 Kastellet\"><\/a><\/td><td class=\"has-text-align-center\" data-align=\"center\"><a href=\"https:\/\/midtsjaelland.danmarksveteraner.dk\/wordpress\/wp-content\/uploads\/2019\/08\/2018-05-29-Gunnar-Bergstr\u00f8m-modtager-Cypern-50-\u00e5rs-medaljen.jpg\"><img decoding=\"async\" src=\"https:\/\/midtsjaelland.danmarksveteraner.dk\/wordpress\/wp-content\/uploads\/2019\/08\/2018-05-29-Gunnar-Bergstr%C3%B8m-modtager-Cypern-50-%C3%A5rs-medaljen.jpg\" alt=\"2018-05-29 Peacekeepers Dag p\u00e5 Kastellet\"><\/a><\/td><\/tr><tr><td class=\"has-text-align-center\" data-align=\"center\">2018-05-29 Peacekeepers Dag p\u00e5 Kastellet. <br>Hans Chr. Foght med Landsfane \u00d8st<\/td><td class=\"has-text-align-center\" data-align=\"center\">2018-05-29 Peacekeepers Dag p\u00e5 Kastellet. <br>Niels Bannergaard modtager Balkan 25 \u00e5rs medalje<\/td><td class=\"has-text-align-center\" data-align=\"center\">2018-05-29 Peacekeepers Dag p\u00e5 Kastellet. <br>G. Bergstr\u00f8m modtager Cypern 50 \u00e5rs medalje<\/td><\/tr><tr><td class=\"has-text-align-center\" data-align=\"center\"><a href=\"https:\/\/midtsjaelland.danmarksveteraner.dk\/wordpress\/wp-content\/uploads\/2019\/08\/2018-05-29-Tommy-N.-Andersen-modtager-Cypern-50-\u00e5r-medaljen.jpg\"><img decoding=\"async\" src=\"https:\/\/midtsjaelland.danmarksveteraner.dk\/wordpress\/wp-content\/uploads\/2019\/08\/2018-05-29-Tommy-N.-Andersen-modtager-Cypern-50-%C3%A5r-medaljen.jpg\" alt=\"2018-05-29 Peacekeepers Dag p\u00e5 Kastellet\"><\/a><\/td><td class=\"has-text-align-center\" data-align=\"center\"><a href=\"https:\/\/midtsjaelland.danmarksveteraner.dk\/wordpress\/wp-content\/uploads\/2019\/08\/2018-05-29-Leif-B.B.-Petersen-ser-at-alt-g\u00e5r-rigtigt-til.jpg\"><img decoding=\"async\" src=\"https:\/\/midtsjaelland.danmarksveteraner.dk\/wordpress\/wp-content\/uploads\/2019\/08\/2018-05-29-Leif-B.B.-Petersen-ser-at-alt-g%C3%A5r-rigtigt-til.jpg\" alt=\"2018-05-29 Peacekeepers Dag p\u00e5 Kastellet\"><\/a><\/td><td class=\"has-text-align-center\" data-align=\"center\"><a href=\"https:\/\/midtsjaelland.danmarksveteraner.dk\/wordpress\/wp-content\/uploads\/2019\/09\/2018-06-15-e1567328629731.jpg\"><img decoding=\"async\" src=\"https:\/\/midtsjaelland.danmarksveteraner.dk\/wordpress\/wp-content\/uploads\/2019\/09\/2018-06-15-e1567328629731.jpg\" alt=\"2018-06-15 Valdemarsdag i K\u00f8ge\"><\/a><\/td><\/tr><tr><td class=\"has-text-align-center\" data-align=\"center\">2018-05-29 Peacekeepers Dag p\u00e5 Kastellet. <br>Tommy N. Andersen modtager Cypern 50 \u00e5rs medalje<\/td><td class=\"has-text-align-center\" data-align=\"center\">2018-05-29 Peacekeepers Dag p\u00e5 Kastellet. <br>Leif B.B. Petersen ser om alt g\u00e5r rigtigt til<\/td><td class=\"has-text-align-center\" data-align=\"center\">2018-06-15 Valdemarsdag i K\u00f8ge. Hans Chr. Foght &#8211; Kjeld O. Jensen &#8211; Leif B.B. Petersen &#8211; Peter Schrader &#8211; Niels T.H. Bannergaard<\/td><\/tr><tr><td class=\"has-text-align-center\" data-align=\"center\"><a href=\"https:\/\/midtsjaelland.danmarksveteraner.dk\/wordpress\/wp-content\/uploads\/2019\/09\/2018-06-15-Hans-e1567328994619.jpg\"><img decoding=\"async\" src=\"https:\/\/midtsjaelland.danmarksveteraner.dk\/wordpress\/wp-content\/uploads\/2019\/09\/2018-06-15-Hans-e1567328994619.jpg\" alt=\"2018-06-15 Valdemarsdag i K\u00f8ge\"><\/a><\/td><td class=\"has-text-align-center\" data-align=\"center\"><a href=\"https:\/\/midtsjaelland.danmarksveteraner.dk\/wordpress\/wp-content\/uploads\/2019\/09\/2018-06-15-Kjeld-e1567329204188.jpg\"><img decoding=\"async\" src=\"https:\/\/midtsjaelland.danmarksveteraner.dk\/wordpress\/wp-content\/uploads\/2019\/09\/2018-06-15-Kjeld-e1567329204188.jpg\" alt=\"2018-06-15 Valdemarsdag i K\u00f8ge\"><\/a><\/td><td class=\"has-text-align-center\" data-align=\"center\"><a href=\"https:\/\/midtsjaelland.danmarksveteraner.dk\/wordpress\/wp-content\/uploads\/2019\/09\/2018-09-27.jpg\"><img decoding=\"async\" src=\"https:\/\/midtsjaelland.danmarksveteraner.dk\/wordpress\/wp-content\/uploads\/2019\/09\/2018-09-27.jpg\" alt=\"2018-09-27 Klubm\u00f8de\"><\/a><\/td><\/tr><tr><td class=\"has-text-align-center\" data-align=\"center\">2018-06-15 Valdemarsdag i K\u00f8ge<br>Hans Chr. Foght &#8211; Kjeld O. Jensen<\/td><td class=\"has-text-align-center\" data-align=\"center\">2018-06-15 Valdemarsdag i K\u00f8ge<br>Kjeld O. Jensen &#8211; Hans Chr. Foght<\/td><td class=\"has-text-align-center\" data-align=\"center\">2018-09-27 Klubm\u00f8de<br>Niels Bannergaard tildeler Peter Castenheim modtager 25 \u00e5rs medalje<\/td><\/tr><tr><td class=\"has-text-align-center\" data-align=\"center\"><a href=\"https:\/\/midtsjaelland.danmarksveteraner.dk\/wordpress\/wp-content\/uploads\/2019\/09\/2018-10-07.jpg\"><img decoding=\"async\" src=\"https:\/\/midtsjaelland.danmarksveteraner.dk\/wordpress\/wp-content\/uploads\/2019\/09\/2018-10-07.jpg\" alt=\"2018-10-07 Varme H\u00e6nder - K\u00f8ge\"><\/a><\/td><td class=\"has-text-align-center\" data-align=\"center\"><a href=\"https:\/\/midtsjaelland.danmarksveteraner.dk\/wordpress\/wp-content\/uploads\/2019\/09\/2018-10-07-K\u00f8ge-Varme-H\u00e6nder-01.jpg\"><img decoding=\"async\" src=\"https:\/\/midtsjaelland.danmarksveteraner.dk\/wordpress\/wp-content\/uploads\/2019\/09\/2018-10-07-K%C3%B8ge-Varme-H%C3%A6nder-01.jpg\" alt=\"2018-10-07 Varme H\u00e6nder - K\u00f8ge\"><\/a><\/td><td class=\"has-text-align-center\" data-align=\"center\"><a href=\"https:\/\/midtsjaelland.danmarksveteraner.dk\/wordpress\/wp-content\/uploads\/2019\/09\/2018-10-26-DV.jpg\"><img decoding=\"async\" src=\"https:\/\/midtsjaelland.danmarksveteraner.dk\/wordpress\/wp-content\/uploads\/2019\/09\/2018-10-26-DV.jpg\" alt=\"2018-10-26 DV's 50 \u00e5rs jubil\u00e6um\"><\/a><\/td><\/tr><tr><td class=\"has-text-align-center\" data-align=\"center\">2018-10-07 Varme H\u00e6nder &#8211; K\u00f8ge<br>Flemming Jepsen &#8211; Kjeld O. Jensen<\/td><td class=\"has-text-align-center\" data-align=\"center\">018-10-07 Varme H\u00e6nder &#8211; K\u00f8ge<br>Kjeld O. Jensen &#8211; Kirsten Jepsen,<br>&#8220;nu g\u00e5r de gamle hjem&#8221;<\/td><td class=\"has-text-align-center\" data-align=\"center\">2018-10-26 DV&#8217;s 50 \u00e5rs jubil\u00e6um<br>Flemming Jepsen modtager BNBB medaljen af HKH Prins Joachim<\/td><\/tr><tr><td class=\"has-text-align-center\" data-align=\"center\"><a href=\"https:\/\/midtsjaelland.danmarksveteraner.dk\/wordpress\/wp-content\/uploads\/2019\/09\/2018-10-26-DV-50-\u00e5r-01.jpg\"><img decoding=\"async\" src=\"https:\/\/midtsjaelland.danmarksveteraner.dk\/wordpress\/wp-content\/uploads\/2019\/09\/2018-10-26-DV-50-%C3%A5r-01.jpg\" alt=\"2018-10-26 DV's 50 \u00e5r jubil\u00e6um\"><\/a><\/td><td class=\"has-text-align-center\" data-align=\"center\"><a href=\"https:\/\/midtsjaelland.danmarksveteraner.dk\/wordpress\/wp-content\/uploads\/2019\/09\/2018-12-05.jpg\"><img decoding=\"async\" src=\"https:\/\/midtsjaelland.danmarksveteraner.dk\/wordpress\/wp-content\/uploads\/2019\/09\/2018-12-05.jpg\" alt=\"2018-12-05 Skt. Bendts Kirke, Ringsted\"><\/a><\/td><td class=\"has-text-align-center\" data-align=\"center\"><a href=\"https:\/\/midtsjaelland.danmarksveteraner.dk\/wordpress\/wp-content\/uploads\/2019\/09\/2018-12-21.jpg\"><img decoding=\"async\" src=\"https:\/\/midtsjaelland.danmarksveteraner.dk\/wordpress\/wp-content\/uploads\/2019\/09\/2018-12-21.jpg\" alt=\"2018-12-21 Mindedag p\u00e5 Kastellet\"><\/a><\/td><\/tr><tr><td class=\"has-text-align-center\" data-align=\"center\">2018-10-26 DV&#8217;s 50 \u00e5r jubil\u00e6um<br>Flemming Jepsen takker for modtagelsen<\/td><td class=\"has-text-align-center\" data-align=\"center\">2018-12-05 Skt. Bendts Kirke, Ringsted<\/td><td class=\"has-text-align-center\" data-align=\"center\">2018-12-21 Mindedag p\u00e5 Kastellet<\/td><\/tr><tr><td class=\"has-text-align-center\" data-align=\"center\"><a href=\"https:\/\/midtsjaelland.danmarksveteraner.dk\/wordpress\/wp-content\/uploads\/2019\/09\/2018-12-21-kastellet.jpg\"><img decoding=\"async\" src=\"https:\/\/midtsjaelland.danmarksveteraner.dk\/wordpress\/wp-content\/uploads\/2019\/09\/2018-12-21-kastellet.jpg\" alt=\"2018-12-21 Mindedag p\u00e5 Kastellet\"><\/a><\/td><td class=\"has-text-align-center\" data-align=\"center\"><\/td><td class=\"has-text-align-center\" data-align=\"center\"><\/td><\/tr><tr><td class=\"has-text-align-center\" data-align=\"center\">2018-12-21 Mindedag p\u00e5 Kastellet<\/td><td class=\"has-text-align-center\" data-align=\"center\"><\/td><td class=\"has-text-align-center\" data-align=\"center\"><\/td><\/tr><\/tbody><\/table><\/figure>\n","protected":false},"excerpt":{"rendered":"<p>2018 -01 07 KastelletKjeld O. Jensen nr. 3 fra h\u00f8jre 2018 &#8211; 01 &#8211; 25 Klubm\u00f8deGunnar Bergstr\u00f8m 2018 -02 &#8211;<\/p>\n","protected":false},"author":9,"featured_media":0,"parent":797,"menu_order":30,"comment_status":"closed","ping_status":"closed","template":"","meta":{"colormag_page_container_layout":"default_layout","colormag_page_sidebar_layout":"default_layout","footnotes":""},"class_list":["post-807","page","type-page","status-publish","hentry"],"_links":{"self":[{"href":"https:\/\/midtsjaelland.danmarksveteraner.dk\/wordpress\/wp-json\/wp\/v2\/pages\/807","targetHints":{"allow":["GET"]}}],"collection":[{"href":"https:\/\/midtsjaelland.danmarksveteraner.dk\/wordpress\/wp-json\/wp\/v2\/pages"}],"about":[{"href":"https:\/\/midtsjaelland.danmarksveteraner.dk\/wordpress\/wp-json\/wp\/v2\/types\/page"}],"author":[{"embeddable":true,"href":"https:\/\/midtsjaelland.danmarksveteraner.dk\/wordpress\/wp-json\/wp\/v2\/users\/9"}],"replies":[{"embeddable":true,"href":"https:\/\/midtsjaelland.danmarksveteraner.dk\/wordpress\/wp-json\/wp\/v2\/comments?post=807"}],"version-history":[{"count":113,"href":"https:\/\/midtsjaelland.danmarksveteraner.dk\/wordpress\/wp-json\/wp\/v2\/pages\/807\/revisions"}],"predecessor-version":[{"id":1933,"href":"https:\/\/midtsjaelland.danmarksveteraner.dk\/wordpress\/wp-json\/wp\/v2\/pages\/807\/revisions\/1933"}],"up":[{"embeddable":true,"href":"https:\/\/midtsjaelland.danmarksveteraner.dk\/wordpress\/wp-json\/wp\/v2\/pages\/797"}],"wp:attachment":[{"href":"https:\/\/midtsjaelland.danmarksveteraner.dk\/wordpress\/wp-json\/wp\/v2\/media?parent=807"}],"curies":[{"name":"wp","href":"https:\/\/api.w.org\/{rel}","templated":true}]}}