{"id":495,"date":"2018-09-26T10:34:10","date_gmt":"2018-09-26T08:34:10","guid":{"rendered":"https:\/\/midtsjaelland.danmarksveteraner.dk\/wordpress\/?page_id=495"},"modified":"2021-01-25T17:06:28","modified_gmt":"2021-01-25T16:06:28","slug":"hvem-er-vi","status":"publish","type":"page","link":"https:\/\/midtsjaelland.danmarksveteraner.dk\/wordpress\/organisation\/hvem-er-vi\/","title":{"rendered":"Hvem er vi"},"content":{"rendered":"<figure id=\"attachment_516\" aria-describedby=\"caption-attachment-516\" style=\"width: 667px\" class=\"wp-caption aligncenter\"><a href=\"https:\/\/midtsjaelland.danmarksveteraner.dk\/wordpress\/wp-content\/uploads\/2018\/09\/borup-kulturhus.jpg\"><img loading=\"lazy\" decoding=\"async\" class=\"size-full wp-image-516\" src=\"https:\/\/midtsjaelland.danmarksveteraner.dk\/wordpress\/wp-content\/uploads\/2018\/09\/borup-kulturhus.jpg\" alt=\"\" width=\"667\" height=\"500\" srcset=\"https:\/\/midtsjaelland.danmarksveteraner.dk\/wordpress\/wp-content\/uploads\/2018\/09\/borup-kulturhus.jpg 667w, https:\/\/midtsjaelland.danmarksveteraner.dk\/wordpress\/wp-content\/uploads\/2018\/09\/borup-kulturhus-300x225.jpg 300w\" sizes=\"auto, (max-width: 667px) 100vw, 667px\" \/><\/a><figcaption id=\"caption-attachment-516\" class=\"wp-caption-text\">Borup Kulturhus, M\u00f8llevej 2, 4140 Borup<\/figcaption><\/figure>\n<p><strong>Midtsj\u00e6lland<\/strong> &nbsp;er en Lokalforening under <strong>Danmarks Veteraner<\/strong>, der i dag t\u00e6ller 23 Lokalforeninger, lige fra F\u00e6r\u00f8erne og til Bornholm. Det er i alt ca 3000 medlemmer.&nbsp;Det hele startede den 26. oktober 1968 under navnet <strong>De Bl\u00e5 Baretter, <\/strong>til \u00e6re for danske soldater, observat\u00f8rer og politifolk i FN\u2019s fredsbevarende styrker.<\/p>\n<p>Den 23. september 2000 blev vedt\u00e6gterne \u00e6ndret s\u00e5 andre personer, der har&nbsp;v\u00e6ret udsendt i humanit\u00e6r eller anden mission kan optages.<\/p>\n<p>Den 8-9 april 2016 p\u00e5 repr\u00e6sentantskabsm\u00f8det i Slagelse blev navnet&nbsp;<strong>De Bl\u00e5 Baretter<\/strong> \u00e6ndret til <strong>Danmarks Veteraner<\/strong>, for at vise at vi ogs\u00e5 byder&nbsp;de personer, der bliver udsendt i dag, velkommen i vore foreninger, uanset&nbsp;hvilken hovedbekl\u00e6dning de b\u00e6rer.<\/p>\n<p>Den 21-22 april 2017 p\u00e5 repr\u00e6sentskabsm\u00f8det i Karup blev vort Logo \u00e6ndret, s\u00e5 det&nbsp;i dag st\u00e5r som et flot Logo for fremtiden.<\/p>\n<p><strong>Veteranst\u00f8tten<\/strong>, er en afdeling af dygtige medlemmer der st\u00e5r til r\u00e5dighed 24\/7 for at&nbsp;tager sig af de problemer udsendte veteraner kan have p\u00e5f\u00f8rt sig i forbindelse med&nbsp;deres udsendelse, s\u00e5 som PTSD (Posttraumatisk stresslidelse)<\/p>\n<p><strong>FN Museet<\/strong> i Fr\u00f8slev lejren ved Padborg er et bes\u00f8g v\u00e6rd. Det viser rigtig mange ting, og&nbsp;billeder fra 1948 og til i dag, fra de missioner Danmark har deltaget i.<\/p>\n<p>Form\u00e5let med vores virke, er at samle det personel, der siden 1948 har v\u00e6ret&nbsp;udsendt fra Danmark i international tjeneste, enten p\u00e5 den ene eller anden&nbsp;m\u00e5de og som har modtaget en officiel medalje eller veterankort.<\/p>\n<p>Foreningernes ansigt i det offentlige er deres Fane. De stiller derfor op, n\u00e5r der er&nbsp;en indbydelse af officiel art i landet eller lokalsamfundet.<\/p>\n<p>Hver forening har deres egen m\u00e5de at samles p\u00e5. Det v\u00e6re sig familietr\u00e6f, foredrag,&nbsp;udflugter, skydning og meget andet.<\/p>\n<p>Vi holder til i Borup Kulturhus, og m\u00f8des som regel sidste torsdag i m\u00e5neden fra&nbsp;august og til maj.<\/p>\n","protected":false},"excerpt":{"rendered":"<p>Midtsj\u00e6lland &nbsp;er en Lokalforening under Danmarks Veteraner, der i dag t\u00e6ller 23 Lokalforeninger, lige fra F\u00e6r\u00f8erne og til Bornholm. Det<\/p>\n","protected":false},"author":10,"featured_media":0,"parent":163,"menu_order":1,"comment_status":"closed","ping_status":"closed","template":"","meta":{"colormag_page_container_layout":"default_layout","colormag_page_sidebar_layout":"default_layout","footnotes":""},"class_list":["post-495","page","type-page","status-publish","hentry"],"_links":{"self":[{"href":"https:\/\/midtsjaelland.danmarksveteraner.dk\/wordpress\/wp-json\/wp\/v2\/pages\/495","targetHints":{"allow":["GET"]}}],"collection":[{"href":"https:\/\/midtsjaelland.danmarksveteraner.dk\/wordpress\/wp-json\/wp\/v2\/pages"}],"about":[{"href":"https:\/\/midtsjaelland.danmarksveteraner.dk\/wordpress\/wp-json\/wp\/v2\/types\/page"}],"author":[{"embeddable":true,"href":"https:\/\/midtsjaelland.danmarksveteraner.dk\/wordpress\/wp-json\/wp\/v2\/users\/10"}],"replies":[{"embeddable":true,"href":"https:\/\/midtsjaelland.danmarksveteraner.dk\/wordpress\/wp-json\/wp\/v2\/comments?post=495"}],"version-history":[{"count":4,"href":"https:\/\/midtsjaelland.danmarksveteraner.dk\/wordpress\/wp-json\/wp\/v2\/pages\/495\/revisions"}],"predecessor-version":[{"id":2428,"href":"https:\/\/midtsjaelland.danmarksveteraner.dk\/wordpress\/wp-json\/wp\/v2\/pages\/495\/revisions\/2428"}],"up":[{"embeddable":true,"href":"https:\/\/midtsjaelland.danmarksveteraner.dk\/wordpress\/wp-json\/wp\/v2\/pages\/163"}],"wp:attachment":[{"href":"https:\/\/midtsjaelland.danmarksveteraner.dk\/wordpress\/wp-json\/wp\/v2\/media?parent=495"}],"curies":[{"name":"wp","href":"https:\/\/api.w.org\/{rel}","templated":true}]}}