{"id":222,"date":"2016-07-02T10:04:25","date_gmt":"2016-07-02T08:04:25","guid":{"rendered":"http:\/\/midtsjaelland.danmarksveteraner.dk\/wordpress\/?page_id=222"},"modified":"2024-01-03T17:38:59","modified_gmt":"2024-01-03T16:38:59","slug":"fanekommando","status":"publish","type":"page","link":"https:\/\/midtsjaelland.danmarksveteraner.dk\/wordpress\/organisation\/fanekommando\/","title":{"rendered":"Protokol"},"content":{"rendered":"<h5>Lokalforeningen f\u00f8rer en protokol, der giver et tilbageblik p\u00e5 de aktiviteter der blev gennemf\u00f8rt i kalender\u00e5ret. Vi startede med at indf\u00f8re en protokol i 2016.<\/h5>\n<ul>\n<li style=\"list-style-type: none;\">\n<ul>\n<li>\n<h5>2024<\/h5>\n<\/li>\n<li>\n<h5><a href=\"https:\/\/midtsjaelland.danmarksveteraner.dk\/wordpress\/wp-content\/uploads\/2024\/01\/Midtsj.-Protokol-2023.pdf\" target=\"_blank\" rel=\"noopener\">2023<\/a><\/h5>\n<\/li>\n<li>\n<h5><a href=\"https:\/\/midtsjaelland.danmarksveteraner.dk\/wordpress\/wp-content\/uploads\/2023\/04\/Midtsj.-Protokol-2022.pdf\">2022<\/a><\/h5>\n<\/li>\n<li>\n<h5><a href=\"https:\/\/midtsjaelland.danmarksveteraner.dk\/wordpress\/wp-content\/uploads\/2022\/01\/Midtsj.-Protokol-2021.pdf\" target=\"_blank\" rel=\"noopener\">2021<\/a><\/h5>\n<\/li>\n<li>\n<h5><a href=\"https:\/\/midtsjaelland.danmarksveteraner.dk\/wordpress\/wp-content\/uploads\/2021\/01\/Midtsj.-Protokol-2020.pdf\" target=\"_blank\" rel=\"noopener\">2020<\/a><\/h5>\n<\/li>\n<li>\n<h5><a href=\"https:\/\/midtsjaelland.danmarksveteraner.dk\/wordpress\/wp-content\/uploads\/2020\/01\/Midtsj.-Protokol-2019.pdf\" target=\"_blank\" rel=\"noopener noreferrer\">2019<\/a><\/h5>\n<\/li>\n<li>\n<h5><a href=\"https:\/\/midtsjaelland.danmarksveteraner.dk\/wordpress\/wp-content\/uploads\/2019\/01\/Midtsj.-Protokol-2018.pdf\">2018<\/a><\/h5>\n<\/li>\n<li>\n<h5><a href=\"https:\/\/midtsjaelland.danmarksveteraner.dk\/wordpress\/wp-content\/uploads\/2018\/09\/Midtsj.-Protokol-2017.pdf\">2017<\/a><\/h5>\n<\/li>\n<li>\n<h5><a href=\"https:\/\/midtsjaelland.danmarksveteraner.dk\/wordpress\/wp-content\/uploads\/2018\/09\/Midtsj.-Protokol-2016.pdf\">2016<\/a><\/h5>\n<\/li>\n<\/ul>\n<\/li>\n<\/ul>\n","protected":false},"excerpt":{"rendered":"<p>Lokalforeningen f\u00f8rer en protokol, der giver et tilbageblik p\u00e5 de aktiviteter der blev gennemf\u00f8rt i kalender\u00e5ret. Vi startede med at<\/p>\n","protected":false},"author":1,"featured_media":0,"parent":163,"menu_order":4,"comment_status":"closed","ping_status":"closed","template":"","meta":{"colormag_page_container_layout":"default_layout","colormag_page_sidebar_layout":"default_layout","footnotes":""},"class_list":["post-222","page","type-page","status-publish","hentry"],"_links":{"self":[{"href":"https:\/\/midtsjaelland.danmarksveteraner.dk\/wordpress\/wp-json\/wp\/v2\/pages\/222","targetHints":{"allow":["GET"]}}],"collection":[{"href":"https:\/\/midtsjaelland.danmarksveteraner.dk\/wordpress\/wp-json\/wp\/v2\/pages"}],"about":[{"href":"https:\/\/midtsjaelland.danmarksveteraner.dk\/wordpress\/wp-json\/wp\/v2\/types\/page"}],"author":[{"embeddable":true,"href":"https:\/\/midtsjaelland.danmarksveteraner.dk\/wordpress\/wp-json\/wp\/v2\/users\/1"}],"replies":[{"embeddable":true,"href":"https:\/\/midtsjaelland.danmarksveteraner.dk\/wordpress\/wp-json\/wp\/v2\/comments?post=222"}],"version-history":[{"count":29,"href":"https:\/\/midtsjaelland.danmarksveteraner.dk\/wordpress\/wp-json\/wp\/v2\/pages\/222\/revisions"}],"predecessor-version":[{"id":3593,"href":"https:\/\/midtsjaelland.danmarksveteraner.dk\/wordpress\/wp-json\/wp\/v2\/pages\/222\/revisions\/3593"}],"up":[{"embeddable":true,"href":"https:\/\/midtsjaelland.danmarksveteraner.dk\/wordpress\/wp-json\/wp\/v2\/pages\/163"}],"wp:attachment":[{"href":"https:\/\/midtsjaelland.danmarksveteraner.dk\/wordpress\/wp-json\/wp\/v2\/media?parent=222"}],"curies":[{"name":"wp","href":"https:\/\/api.w.org\/{rel}","templated":true}]}}