{"id":185,"date":"2016-06-07T14:53:45","date_gmt":"2016-06-07T12:53:45","guid":{"rendered":"http:\/\/midtsjaelland.danmarksveteraner.dk\/wordpress\/?page_id=185"},"modified":"2016-06-07T14:56:21","modified_gmt":"2016-06-07T12:56:21","slug":"kontakt-os","status":"publish","type":"page","link":"https:\/\/midtsjaelland.danmarksveteraner.dk\/wordpress\/kontakt-os\/","title":{"rendered":"Kontakt os"},"content":{"rendered":"<p>\u00d8nsker du at melde dig ind i Danmarks Veteraner, \u00e6ndre dine kontaktoplysninger som medlem eller komme i kontakt med landsforeningen, s\u00e5 er der nogle nyttige links herunder.<\/p>\n<div class=\"entry-content clearfix\">\n<ul>\n<li><a href=\"http:\/\/danmarksveteraner.dk\/wordpress\/?page_id=90\" target=\"_blank\">Indmeldelse i foreningen<\/a><\/li>\n<li><a href=\"http:\/\/danmarksveteraner.dk\/wordpress\/?page_id=103\" target=\"_blank\">\u00c6ndring af medlemmers kontakt oplysninger<\/a><\/li>\n<li><a href=\"http:\/\/danmarksveteraner.dk\/wordpress\/?page_id=617\" target=\"_blank\">Kontakt til landsforeningen<\/a><\/li>\n<\/ul>\n<p>\u00d8nsker du at komme i kontakt med lokalforeningen s\u00e5 udfyld nedenst\u00e5ende formular og tryk p\u00e5 SEND. Alle felter skal udfyldes.<\/p>\n<div style=\"display:none\" class=\"fm-form-container fm-theme47\"><div id=\"fm-pages1\" class=\"fm-pages wdform_page_navigation \" show_title=\"false\" show_numbers=\"true\" type=\"none\"><\/div><form name=\"form1\" action=\"\/wordpress\/wp-json\/wp\/v2\/pages\/185\" method=\"post\" id=\"form1\" class=\"fm-form form1  \" enctype=\"multipart\/form-data\"><input type=\"hidden\" id=\"counter1\" value=\"10\" name=\"counter1\" \/><input type=\"hidden\" id=\"Itemid1\" value=\"\" name=\"Itemid1\" \/><input type=\"hidden\" id=\"fm_shake1\" value=\"1\" name=\"fm_shake1\" \/><input type=\"text\" class=\"fm-hide\" id=\"fm_empty_field_validation1\" value=\"\" name=\"fm_empty_field_validation1\" data-value=\"bd736efb144d599cf463541431fbf5c4\" \/><div class=\"fm-header-bg\"><div class=\"fm-header \"><div class=\"fm-header-text\">          <div class=\"fm-header-title\">            Kontakt din lokalforening          <\/div>          <div class=\"fm-header-description\">            Hvis du vil kontakte landsforeningen, skal du bruge dette <strong><a href=\"https:\/\/danmarksveteraner.dk\/wordpress\/?page_id=617\" target=\"_blank\" rel=\"noopener\">LINK<\/a><\/strong>          <\/div>        <\/div><\/div><\/div><div class=\"wdform-page-and-images\" style=\"display:table; border-top:0px solid black;\"><div class=\"wdform_page\" id=\"1form_view1\" page_title=\"Untitled page\" next_title=\"Next\" next_type=\"text\" next_class=\"wdform-page-button\" next_checkable=\"false\" previous_title=\"Previous\" previous_type=\"text\" previous_class=\"wdform-page-button\" previous_checkable=\"false\"><div class=\"wdform_section\"><div class=\"wdform_column\"><div class=\"wdform_row\" wdid=\"1\"><div type=\"type_name\" class=\"wdform-field wd-width-100 wd-flex wd-flex-column\" data-hide-currency=\"no\"><div class=\"wdform-label-section wd-width-100  wd-flex-row\" style=\"max-width: 150px;\">    <label  for=\"wdform_1_element_first1\" class=\"wdform-label\">Navn:<\/label><span class=\"wdform-required\">*<\/span><\/div><div class=\"wdform-element-section wd-flex  wd-flex-row wd-width-100\" style=\"max-width: 250px;\"><div class=\"wd-flex wd-flex-column wd-width-50\"><input type=\"text\" class=\"wd-width-100\" id=\"wdform_1_element_first1\" name=\"wdform_1_element_first1\" value=\"\" title=\"\" placeholder=\"\"  \/><label class=\"mini_label\" for=\"wdform_1_element_first1\">Fornavn<\/label><\/div><div class=\"wd-flex wd-flex-column wd-name-separator\"><\/div><div class=\"wd-flex wd-flex-column wd-width-50\"><input type=\"text\" class=\"wd-width-100\" id=\"wdform_1_element_last1\" name=\"wdform_1_element_last1\" value=\"\" title=\"\" placeholder=\"\"  \/><label class=\"mini_label\" for=\"wdform_1_element_last1\">Efternavn<\/label><\/div><\/div><\/div><\/div><div class=\"wdform_row\" style=\"position: relative;\" wdid=\"8\"><div type=\"type_text\" class=\"wdform-field wd-width-100 wd-flex wd-flex-column\" data-hide-currency=\"no\"><div class=\"wdform-label-section wd-width-100  wd-flex-row wd-align-items-center\">    <label  for=\"wdform_8_element1\" class=\"wdform-label\">Telefonnummer:<\/label><span class=\"wdform-required\">*<\/span><\/div><div class=\"wdform-element-section wd-flex  wd-flex-row wd-align-items-center wd-width-100\" style=\"max-width: 200px;\"><input type=\"text\"                           class=\"wd-width-100\"                           id=\"wdform_8_element1\"                           name=\"wdform_8_element1\"                           value=\"\"                           title=\"\"                           placeholder=\"\"                                                       \/><\/div><\/div><\/div><div class=\"wdform_row\" wdid=\"2\"><div type=\"type_submitter_mail\" class=\"wdform-field wd-width-100 wd-flex wd-flex-column\" data-hide-currency=\"no\"><div class=\"wdform-label-section wd-width-100  wd-flex-row\" style=\"max-width: 150px;\">    <label  for=\"wdform_2_element1\" class=\"wdform-label\">E-mail:<\/label><span class=\"wdform-required\">*<\/span><\/div><div class=\"wdform-element-section wd-flex  wd-flex-row wd-width-100\" style=\"max-width: 200px;\"><input type=\"text\" class=\"wd-width-100\" id=\"wdform_2_element1\" name=\"wdform_2_element1\" value=\"\" title=\"\" placeholder=\"\"   onchange=\"wd_check_email('2', '1', 'Dette er ikke en gyldig e-mail-adresse.'); wd_check_confirmation_email('2', '1', 'The email addresses don\\'t match')\" \/><\/div><\/div><div type=\"type_submitter_mail\" class=\"wdform-field wd-width-100 wd-flex wd-flex-column\" data-hide-currency=\"no\"><div class=\"wdform-label-section wd-width-100  wd-flex-row\" style=\"max-width: 150px;\">    <label  for=\"wdform_2_1_element1\" class=\"wdform-label\">Skriv E-mail igen:<\/label><span class=\"wdform-required\">*<\/span><\/div><div class=\"wdform-element-section wd-flex  wd-flex-row wd-width-100\" style=\"max-width: 200px;\"><input type=\"text\" class=\"wd-width-100\" id=\"wdform_2_1_element1\" name=\"wdform_2_1_element1\" placeholder=\"\" title=\"\"   onchange=\"wd_check_confirmation_email('2', '1', 'The email addresses don\\'t match')\" \/><\/div><\/div><\/div><div class=\"wdform_row\" wdid=\"3\"><div type=\"type_text\" class=\"wdform-field wd-width-100 wd-flex wd-flex-column\" data-hide-currency=\"no\"><div class=\"wdform-label-section wd-width-100  wd-flex-row wd-align-items-center\" style=\"max-width: 400px;\">    <label  for=\"wdform_3_element1\" class=\"wdform-label\">Hvad handler henvendelsen sig om (overskrift):<\/label><span class=\"wdform-required\">*<\/span><\/div><div class=\"wdform-element-section wd-flex  wd-flex-row wd-align-items-center wd-width-100\" style=\"max-width: 400px;\"><input type=\"text\"                           class=\"wd-width-100\"                           id=\"wdform_3_element1\"                           name=\"wdform_3_element1\"                           value=\"\"                           title=\"\"                           placeholder=\"\"                                                       \/><\/div><\/div><\/div><div class=\"wdform_row\" wdid=\"4\"><div type=\"type_textarea\" class=\"wdform-field wd-width-100 wd-flex wd-flex-column\" data-hide-currency=\"no\"><div class=\"wdform-label-section wd-width-100 \" style=\"max-width: 400px;\">    <label  for=\"wdform_4_element1\" class=\"wdform-label\">Uddybning af henvendelse:<\/label><span class=\"wdform-required\">*<\/span><\/div><div class=\"wdform-element-section wd-flex  wd-width-100\" style=\"max-width: 600px;\"><textarea class=\"wd-width-100\"                      id=\"wdform_4_element1\"                      name=\"wdform_4_element1\"                      placeholder=\"\"                      maxlength=\"\"                      style=\"height: 100px;\"                      ><\/textarea><\/div><\/div><\/div><div class=\"wdform_row\" wdid=\"9\"><div type=\"type_arithmetic_captcha\" class=\"wdform-field wd-width-100 wd-flex wd-flex-column\" data-hide-currency=\"no\"><div class=\"wdform-label-section wd-width-100  wd-flex-row wd-align-items-center\">    <label  for=\"wd_arithmetic_captcha_input1\" class=\"wdform-label\">Udregn resultatet:<\/label><\/div><div class=\"wdform-element-section wd-flex  wd-flex-row wd-align-items-center wd-width-100\" ><img decoding=\"async\" type=\"captcha\"                          operations_count=\"1\"                          operations=\"+, -, *, \/\"                          src=\"https:\/\/midtsjaelland.danmarksveteraner.dk\/wordpress\/wp-admin\/admin-ajax.php?action=formmakerwdmathcaptcha&operations_count=1&operations=%2B%2C+-%2C+%2A%2C+%2F&i=1\"                          id=\"wd_arithmetic_captcha1\"                          class=\"arithmetic_captcha_img\"                           \/><div class=\"captcha_refresh\" id=\"_element_refresh1\" ><\/div><input type=\"text\"                              class=\"arithmetic_captcha_input\"                              id=\"wd_arithmetic_captcha_input1\"                              name=\"arithmetic_captcha_input\"                              onkeypress=\"return check_isnum(event)\"                              style=\"width: 60px;\"                               \/><\/div><\/div><\/div><div class=\"wdform_row\" wdid=\"5\"><div type=\"type_submit_reset\" class=\"wdform-field wd-width-100 wd-flex wd-flex-column\" data-hide-currency=\"no\"><div class=\"wdform-element-section wd-flex  wd-flex-row wd-justify-content-right wd-width-100\" ><button  type=\"button\" class=\"button-submit\" onclick=\"fm_submit_form('1');\"  data-ajax=\"0\"><span class=\"fm-submit-loading spinner fm-ico-spinner\"><\/span>SEND<\/button><button  type=\"button\" class=\"button-reset wd-hidden\" onclick=\"fm_reset_form(1);\" >NULSTIL<\/button><\/div><\/div><\/div><\/div><\/div><div class=\"wdform_footer\" style=\"width: 100%;\" valign=\"top\"><div style=\"width: 100%;\"><div style=\"width: 100%; display: table;\"><div style=\"display: table-row-group;\"><div id=\"1page_nav1\" style=\"display: table-row;\"><\/div><\/div><\/div><\/div><\/div><\/div><\/div><div class=\"wdform_preload\"><\/div><\/form><\/div>\n<\/div>\n","protected":false},"excerpt":{"rendered":"<p>\u00d8nsker du at melde dig ind i Danmarks Veteraner, \u00e6ndre dine kontaktoplysninger som medlem eller komme i kontakt med landsforeningen,<\/p>\n","protected":false},"author":1,"featured_media":0,"parent":0,"menu_order":5,"comment_status":"closed","ping_status":"closed","template":"","meta":{"colormag_page_container_layout":"default_layout","colormag_page_sidebar_layout":"default_layout","footnotes":""},"class_list":["post-185","page","type-page","status-publish","hentry"],"_links":{"self":[{"href":"https:\/\/midtsjaelland.danmarksveteraner.dk\/wordpress\/wp-json\/wp\/v2\/pages\/185","targetHints":{"allow":["GET"]}}],"collection":[{"href":"https:\/\/midtsjaelland.danmarksveteraner.dk\/wordpress\/wp-json\/wp\/v2\/pages"}],"about":[{"href":"https:\/\/midtsjaelland.danmarksveteraner.dk\/wordpress\/wp-json\/wp\/v2\/types\/page"}],"author":[{"embeddable":true,"href":"https:\/\/midtsjaelland.danmarksveteraner.dk\/wordpress\/wp-json\/wp\/v2\/users\/1"}],"replies":[{"embeddable":true,"href":"https:\/\/midtsjaelland.danmarksveteraner.dk\/wordpress\/wp-json\/wp\/v2\/comments?post=185"}],"version-history":[{"count":4,"href":"https:\/\/midtsjaelland.danmarksveteraner.dk\/wordpress\/wp-json\/wp\/v2\/pages\/185\/revisions"}],"predecessor-version":[{"id":190,"href":"https:\/\/midtsjaelland.danmarksveteraner.dk\/wordpress\/wp-json\/wp\/v2\/pages\/185\/revisions\/190"}],"wp:attachment":[{"href":"https:\/\/midtsjaelland.danmarksveteraner.dk\/wordpress\/wp-json\/wp\/v2\/media?parent=185"}],"curies":[{"name":"wp","href":"https:\/\/api.w.org\/{rel}","templated":true}]}}