{"id":175,"date":"2016-06-07T14:37:53","date_gmt":"2016-06-07T12:37:53","guid":{"rendered":"http:\/\/midtsjaelland.danmarksveteraner.dk\/wordpress\/?page_id=175"},"modified":"2023-06-12T07:26:31","modified_gmt":"2023-06-12T05:26:31","slug":"historie","status":"publish","type":"page","link":"https:\/\/midtsjaelland.danmarksveteraner.dk\/wordpress\/organisation\/historie\/","title":{"rendered":"Midtsj\u00e6llands historie"},"content":{"rendered":"<p>I sommeren 1973 l\u00e6ste Per R\u00f8n, som nybagt avisholder en lille artikel i Roskilde Tidende, at der i Jylland var en Soldaterforening ved navn <strong>\u201dDe Bl\u00e5 Baretter\u201d<\/strong>, som havde holdt 5 \u00e5rs jubil\u00e6um. Foreningens formand Torben Alstrup Nielsen, blev kontaktet med henblik p\u00e5 at hj\u00e6lpe Per R\u00f8n, med at starte en FN Soldater-forening i Roskilde.<\/p>\n<p>Per R\u00f8n fik adresserne p\u00e5 ca. 200 veteraner, men de ca. 125 kom tilbage \u201dadressat ukendt\u201d.<\/p>\n<p>Den 24. maj 1973 blev der afholdt stiftende generalforsamling p\u00e5 Hjemmev\u00e6rnsg\u00e5rden i Roskilde. Der blev indmeldt ca. 30 medlemmer. Den f\u00f8rste bestyrelse bestod af Per R\u00f8n, Fl\u00f8ng, Gaza 14-15, Cypern 3-4, Bent Pedersen, Hvals\u00f8, Michael J\u00f8rgensen, Roskilde, Bent Jensen, Roskilde og Knud Erik Skov Christensen, Ejby ved Roskilde.<\/p>\n<p>Det skulle meget snart vise sig, at det er sv\u00e6rt at starte en ny forening, efter et lille \u00e5r, var medlems tallet &nbsp;nede p\u00e5 15 personer, og Hjemmev\u00e6rnsg\u00e5rden i Roskilde, ville n\u00f8dig \u00e5bne d\u00f8rene. Det blev p\u00e5 en ekstra ordin\u00e6r generalforsamling i september 1974, besluttet at lukke foreningen, og overflytte den som en klub under K\u00f8benhavn, hvor Poul M\u00f8lskov var formand. Det var ingen succes, \u201dMidtsj\u00e6ll\u00e6nderne\u201d ville ikke v\u00e6re \u201dK\u00f8benhavnere\u201d s\u00e5 de meldte sig ud, p\u00e5 n\u00e6r Per R\u00f8n, John Dennis Pedersen, Vagn Freddy Nielsen (smeden) K\u00f8ge og Erik J\u00f8rgensen, K\u00f8ge.<\/p>\n<p>I 1975 startede Erik J\u00f8rgensen \u201dKlub K\u00f8ge\u201d, der blev en fuldgyldig klub under K\u00f8benhavn, indtil 1981. I 1981 opfordrede Landsformand W.K. Winther, klub K\u00f8ge til at blive en lokalforening i Midtsj\u00e6lland for omr\u00e5det Roskilde, Ringsted, Holb\u00e6k og K\u00f8ge. Det var lige det der skulle til.<\/p>\n<p><strong>Den 24. oktober 1981<\/strong> blev der p\u00e5 Biblioteket i K\u00f8ge afholdt stiftende generalforsamling med Torben Alstrup Nielsen som ordstyrer. Der var m\u00f8dt 30 personer. Foreningens f\u00f8rste bestyrelse fik f\u00f8lgende sammens\u00e6tning:<\/p>\n<p>I de kommende \u00e5r, blev der i mangel p\u00e5 et fast klublokale holdt m\u00f8der mange forskellige steder, bl.a. Ringsted Kaserne, Pavillonen i Ringsted, Flyvestation Skalstrup, Biblioteket i K\u00f8ge, Borgerskolen, Haslev, Skovboskolen, Bj\u00e6verskov, Skensved Stadions Lokale, 1991-2008 Hjemmev\u00e6rnsg\u00e5rden, Bj\u00e6verskov, og fra 2008 det gamle R\u00e5dhus i Borup. I 2015 skete der to vigtige ting. Foreningerne \u201dDe Bl\u00e5 Baretter\u201d skiftede navn til <strong>\u201dDanmarks Veteraner\u201d<\/strong> simpelt hen for at f\u00f8lge med tiden. Og den anden ting var, at vi fik en Klub Stevns, hvis opgave er at samle de veteraner der er i omr\u00e5det. I 2016 fik vi for f\u00f8rste gang en hjemmeside. I 2016 er vi en forening med 105 medlemmer. Klub Stevns 7 medlemmer meldte sig ud af vor Forening den 17. april 2018, og meldte sig ind Lokalforeningen i N\u00e6stved.<\/p>\n\n<a href=\"https:\/\/midtsjaelland.danmarksveteraner.dk\/wordpress\/wp-content\/uploads\/2023\/06\/Midtsj-2023-Historie.pdf\" class=\"pdfemb-viewer\" style=\"\" data-width=\"max\" data-height=\"max\" data-toolbar=\"bottom\" data-toolbar-fixed=\"off\">Midtsj-2023-Historie<\/a>\n<p class=\"wp-block-pdfemb-pdf-embedder-viewer\"><\/p>\n","protected":false},"excerpt":{"rendered":"<p>I sommeren 1973 l\u00e6ste Per R\u00f8n, som nybagt avisholder en lille artikel i Roskilde Tidende, at der i Jylland var<\/p>\n","protected":false},"author":1,"featured_media":0,"parent":163,"menu_order":5,"comment_status":"closed","ping_status":"closed","template":"","meta":{"colormag_page_container_layout":"default_layout","colormag_page_sidebar_layout":"default_layout","footnotes":""},"class_list":["post-175","page","type-page","status-publish","hentry"],"_links":{"self":[{"href":"https:\/\/midtsjaelland.danmarksveteraner.dk\/wordpress\/wp-json\/wp\/v2\/pages\/175","targetHints":{"allow":["GET"]}}],"collection":[{"href":"https:\/\/midtsjaelland.danmarksveteraner.dk\/wordpress\/wp-json\/wp\/v2\/pages"}],"about":[{"href":"https:\/\/midtsjaelland.danmarksveteraner.dk\/wordpress\/wp-json\/wp\/v2\/types\/page"}],"author":[{"embeddable":true,"href":"https:\/\/midtsjaelland.danmarksveteraner.dk\/wordpress\/wp-json\/wp\/v2\/users\/1"}],"replies":[{"embeddable":true,"href":"https:\/\/midtsjaelland.danmarksveteraner.dk\/wordpress\/wp-json\/wp\/v2\/comments?post=175"}],"version-history":[{"count":26,"href":"https:\/\/midtsjaelland.danmarksveteraner.dk\/wordpress\/wp-json\/wp\/v2\/pages\/175\/revisions"}],"predecessor-version":[{"id":3317,"href":"https:\/\/midtsjaelland.danmarksveteraner.dk\/wordpress\/wp-json\/wp\/v2\/pages\/175\/revisions\/3317"}],"up":[{"embeddable":true,"href":"https:\/\/midtsjaelland.danmarksveteraner.dk\/wordpress\/wp-json\/wp\/v2\/pages\/163"}],"wp:attachment":[{"href":"https:\/\/midtsjaelland.danmarksveteraner.dk\/wordpress\/wp-json\/wp\/v2\/media?parent=175"}],"curies":[{"name":"wp","href":"https:\/\/api.w.org\/{rel}","templated":true}]}}